{"id":3277,"date":"2023-12-18T00:49:34","date_gmt":"2023-12-18T00:49:34","guid":{"rendered":"https:\/\/pinturasmirador.com\/?post_type=product&#038;p=3277"},"modified":"2023-12-18T00:58:38","modified_gmt":"2023-12-18T00:58:38","slug":"aerosol-ag-racing","status":"publish","type":"product","link":"https:\/\/pinturasmirador.com\/index.php\/product\/aerosol-ag-racing\/","title":{"rendered":"AEROSOL AG RACING"},"content":{"rendered":"","protected":false},"excerpt":{"rendered":"<p>Esmalte acr\u00edlico libre de plomo de excelente desempe\u00f1o en presentaci\u00f3n de aerosol con un gran acabado y secado r\u00e1pido que facilita el desarrollo de todos los proyectos.<\/p>\n","protected":false},"featured_media":3245,"comment_status":"open","ping_status":"closed","template":"","meta":{"_joinchat":[]},"product_cat":[112,108],"product_tag":[113],"acf":[],"_links":{"self":[{"href":"https:\/\/pinturasmirador.com\/index.php\/wp-json\/wp\/v2\/product\/3277"}],"collection":[{"href":"https:\/\/pinturasmirador.com\/index.php\/wp-json\/wp\/v2\/product"}],"about":[{"href":"https:\/\/pinturasmirador.com\/index.php\/wp-json\/wp\/v2\/types\/product"}],"replies":[{"embeddable":true,"href":"https:\/\/pinturasmirador.com\/index.php\/wp-json\/wp\/v2\/comments?post=3277"}],"wp:featuredmedia":[{"embeddable":true,"href":"https:\/\/pinturasmirador.com\/index.php\/wp-json\/wp\/v2\/media\/3245"}],"wp:attachment":[{"href":"https:\/\/pinturasmirador.com\/index.php\/wp-json\/wp\/v2\/media?parent=3277"}],"wp:term":[{"taxonomy":"product_cat","embeddable":true,"href":"https:\/\/pinturasmirador.com\/index.php\/wp-json\/wp\/v2\/product_cat?post=3277"},{"taxonomy":"product_tag","embeddable":true,"href":"https:\/\/pinturasmirador.com\/index.php\/wp-json\/wp\/v2\/product_tag?post=3277"}],"curies":[{"name":"wp","href":"https:\/\/api.w.org\/{rel}","templated":true}]}}