{"id":3283,"date":"2023-12-18T01:02:02","date_gmt":"2023-12-18T01:02:02","guid":{"rendered":"https:\/\/pinturasmirador.com\/?post_type=product&#038;p=3283"},"modified":"2023-12-18T01:02:02","modified_gmt":"2023-12-18T01:02:02","slug":"general-spray","status":"publish","type":"product","link":"https:\/\/pinturasmirador.com\/index.php\/product\/general-spray\/","title":{"rendered":"GENERAL SPRAY"},"content":{"rendered":"","protected":false},"excerpt":{"rendered":"<p>Esmalte acr\u00edlico en aerosol de secado r\u00e1pido, excelente brillo y gran resistencia en interiores y exteriores. Es ideal para pintar bicicletas, juguetes, autom\u00f3viles, art\u00edculos de madera, pl\u00e1sticos o metal, otorgando a la superficie protecci\u00f3n colorido y un acabado profesional.<\/p>\n","protected":false},"featured_media":3247,"comment_status":"open","ping_status":"closed","template":"","meta":{"_joinchat":[]},"product_cat":[112,114,108],"product_tag":[],"acf":[],"_links":{"self":[{"href":"https:\/\/pinturasmirador.com\/index.php\/wp-json\/wp\/v2\/product\/3283"}],"collection":[{"href":"https:\/\/pinturasmirador.com\/index.php\/wp-json\/wp\/v2\/product"}],"about":[{"href":"https:\/\/pinturasmirador.com\/index.php\/wp-json\/wp\/v2\/types\/product"}],"replies":[{"embeddable":true,"href":"https:\/\/pinturasmirador.com\/index.php\/wp-json\/wp\/v2\/comments?post=3283"}],"wp:featuredmedia":[{"embeddable":true,"href":"https:\/\/pinturasmirador.com\/index.php\/wp-json\/wp\/v2\/media\/3247"}],"wp:attachment":[{"href":"https:\/\/pinturasmirador.com\/index.php\/wp-json\/wp\/v2\/media?parent=3283"}],"wp:term":[{"taxonomy":"product_cat","embeddable":true,"href":"https:\/\/pinturasmirador.com\/index.php\/wp-json\/wp\/v2\/product_cat?post=3283"},{"taxonomy":"product_tag","embeddable":true,"href":"https:\/\/pinturasmirador.com\/index.php\/wp-json\/wp\/v2\/product_tag?post=3283"}],"curies":[{"name":"wp","href":"https:\/\/api.w.org\/{rel}","templated":true}]}}