{"id":3284,"date":"2023-12-18T01:14:35","date_gmt":"2023-12-18T01:14:35","guid":{"rendered":"https:\/\/pinturasmirador.com\/?post_type=product&#038;p=3284"},"modified":"2023-12-18T01:15:06","modified_gmt":"2023-12-18T01:15:06","slug":"aerosol-ultra-color","status":"publish","type":"product","link":"https:\/\/pinturasmirador.com\/index.php\/product\/aerosol-ultra-color\/","title":{"rendered":"AEROSOL ULTRA COLOR"},"content":{"rendered":"","protected":false},"excerpt":{"rendered":"<p>Esmalte alquidal estirenado de secado r\u00e1pido en colores b\u00e1sicos con 3 tipos de acabado: brillante, mate y met\u00e1lico en presentaci\u00f3n de aerosol.<\/p>\n<p>Es para acabados decorativos, los colores fluorescentes brindan alta visibilidad en muchas superficies, es de secado r\u00e1pido y f\u00e1cil de aplicar.<\/p>\n<p>Ideal para aplicar en interiores y exteriores, sobre metal ferroso, madera, pl\u00e1stico r\u00edgido y superficies de yeso.<\/p>\n<p><a href=\"http:\/\/pinturasmirador.com\/wp-content\/uploads\/2023\/12\/Carta-de-color-Aerosoles-Ultracolor.pdf\">VER MUESTRARIO COLOR<\/a><\/p>\n","protected":false},"featured_media":3249,"comment_status":"open","ping_status":"closed","template":"","meta":{"_joinchat":[]},"product_cat":[112,114,108],"product_tag":[],"acf":[],"_links":{"self":[{"href":"https:\/\/pinturasmirador.com\/index.php\/wp-json\/wp\/v2\/product\/3284"}],"collection":[{"href":"https:\/\/pinturasmirador.com\/index.php\/wp-json\/wp\/v2\/product"}],"about":[{"href":"https:\/\/pinturasmirador.com\/index.php\/wp-json\/wp\/v2\/types\/product"}],"replies":[{"embeddable":true,"href":"https:\/\/pinturasmirador.com\/index.php\/wp-json\/wp\/v2\/comments?post=3284"}],"wp:featuredmedia":[{"embeddable":true,"href":"https:\/\/pinturasmirador.com\/index.php\/wp-json\/wp\/v2\/media\/3249"}],"wp:attachment":[{"href":"https:\/\/pinturasmirador.com\/index.php\/wp-json\/wp\/v2\/media?parent=3284"}],"wp:term":[{"taxonomy":"product_cat","embeddable":true,"href":"https:\/\/pinturasmirador.com\/index.php\/wp-json\/wp\/v2\/product_cat?post=3284"},{"taxonomy":"product_tag","embeddable":true,"href":"https:\/\/pinturasmirador.com\/index.php\/wp-json\/wp\/v2\/product_tag?post=3284"}],"curies":[{"name":"wp","href":"https:\/\/api.w.org\/{rel}","templated":true}]}}