{"id":3286,"date":"2023-12-18T01:21:33","date_gmt":"2023-12-18T01:21:33","guid":{"rendered":"https:\/\/pinturasmirador.com\/?post_type=product&#038;p=3286"},"modified":"2023-12-18T01:22:19","modified_gmt":"2023-12-18T01:22:19","slug":"fondo-de-relleno-catalizable-nvq","status":"publish","type":"product","link":"https:\/\/pinturasmirador.com\/index.php\/product\/fondo-de-relleno-catalizable-nvq\/","title":{"rendered":"FONDO DE RELLENO CATALIZABLE NVQ"},"content":{"rendered":"","protected":false},"excerpt":{"rendered":"<p>Formado a base de mezcla de resinas poli\u00e9ster de alto peso molecular, pigmentos (org\u00e1nicos e inorg\u00e1nicos) y solventes grado uretano (libres de humedad), que al ser mezclados con el endurecedor SF, nos da como resultado un primario Poli\u00e9ster-Uretano de baja viscosidad, de gran adherencia en l\u00e1mina met\u00e1lica desnuda o en acabados anteriores, y por su alto contenido de s\u00f3lidos otorga un excelente poder de relleno sobre las marcas de lijado que quedan en los resanadores automotrices, dejando una superficie tersa sin necesidad de lijar.<\/p>\n<p><a href=\"http:\/\/pinturasmirador.com\/wp-content\/uploads\/2023\/12\/NOVAQUIMIA_HOJA_SEGURIDAD.pdf\">VER HOJA DE SEGURIDAD<\/a><\/p>\n","protected":false},"featured_media":3250,"comment_status":"open","ping_status":"closed","template":"","meta":{"_joinchat":[]},"product_cat":[114],"product_tag":[],"acf":[],"_links":{"self":[{"href":"https:\/\/pinturasmirador.com\/index.php\/wp-json\/wp\/v2\/product\/3286"}],"collection":[{"href":"https:\/\/pinturasmirador.com\/index.php\/wp-json\/wp\/v2\/product"}],"about":[{"href":"https:\/\/pinturasmirador.com\/index.php\/wp-json\/wp\/v2\/types\/product"}],"replies":[{"embeddable":true,"href":"https:\/\/pinturasmirador.com\/index.php\/wp-json\/wp\/v2\/comments?post=3286"}],"wp:featuredmedia":[{"embeddable":true,"href":"https:\/\/pinturasmirador.com\/index.php\/wp-json\/wp\/v2\/media\/3250"}],"wp:attachment":[{"href":"https:\/\/pinturasmirador.com\/index.php\/wp-json\/wp\/v2\/media?parent=3286"}],"wp:term":[{"taxonomy":"product_cat","embeddable":true,"href":"https:\/\/pinturasmirador.com\/index.php\/wp-json\/wp\/v2\/product_cat?post=3286"},{"taxonomy":"product_tag","embeddable":true,"href":"https:\/\/pinturasmirador.com\/index.php\/wp-json\/wp\/v2\/product_tag?post=3286"}],"curies":[{"name":"wp","href":"https:\/\/api.w.org\/{rel}","templated":true}]}}