{"id":3288,"date":"2023-12-18T01:25:31","date_gmt":"2023-12-18T01:25:31","guid":{"rendered":"https:\/\/pinturasmirador.com\/?post_type=product&#038;p=3288"},"modified":"2023-12-18T01:25:31","modified_gmt":"2023-12-18T01:25:31","slug":"ag-racing-acabado-transparente-hs","status":"publish","type":"product","link":"https:\/\/pinturasmirador.com\/index.php\/product\/ag-racing-acabado-transparente-hs\/","title":{"rendered":"AG RACING ACABADO TRANSPARENTE HS"},"content":{"rendered":"","protected":false},"excerpt":{"rendered":"<p>Transparente de poliuretano de altos s\u00f3lidos de dos componentes que otorga alto brillo, profundidad, durabilidad y retenci\u00f3n de color. Proporciona una capa protectora contra los rayos ultravioleta gracias a una combinaci\u00f3n de filtros solares de la m\u00e1s alta calidad.<\/p>\n","protected":false},"featured_media":3251,"comment_status":"open","ping_status":"closed","template":"","meta":{"_joinchat":[]},"product_cat":[114],"product_tag":[],"acf":[],"_links":{"self":[{"href":"https:\/\/pinturasmirador.com\/index.php\/wp-json\/wp\/v2\/product\/3288"}],"collection":[{"href":"https:\/\/pinturasmirador.com\/index.php\/wp-json\/wp\/v2\/product"}],"about":[{"href":"https:\/\/pinturasmirador.com\/index.php\/wp-json\/wp\/v2\/types\/product"}],"replies":[{"embeddable":true,"href":"https:\/\/pinturasmirador.com\/index.php\/wp-json\/wp\/v2\/comments?post=3288"}],"wp:featuredmedia":[{"embeddable":true,"href":"https:\/\/pinturasmirador.com\/index.php\/wp-json\/wp\/v2\/media\/3251"}],"wp:attachment":[{"href":"https:\/\/pinturasmirador.com\/index.php\/wp-json\/wp\/v2\/media?parent=3288"}],"wp:term":[{"taxonomy":"product_cat","embeddable":true,"href":"https:\/\/pinturasmirador.com\/index.php\/wp-json\/wp\/v2\/product_cat?post=3288"},{"taxonomy":"product_tag","embeddable":true,"href":"https:\/\/pinturasmirador.com\/index.php\/wp-json\/wp\/v2\/product_tag?post=3288"}],"curies":[{"name":"wp","href":"https:\/\/api.w.org\/{rel}","templated":true}]}}