{"id":3291,"date":"2023-12-18T01:34:38","date_gmt":"2023-12-18T01:34:38","guid":{"rendered":"https:\/\/pinturasmirador.com\/?post_type=product&#038;p=3291"},"modified":"2023-12-18T01:34:38","modified_gmt":"2023-12-18T01:34:38","slug":"ag-racing-esmalte-acrilico-rn-600","status":"publish","type":"product","link":"https:\/\/pinturasmirador.com\/index.php\/product\/ag-racing-esmalte-acrilico-rn-600\/","title":{"rendered":"AG RACING ESMALTE ACRILICO RN-600"},"content":{"rendered":"","protected":false},"excerpt":{"rendered":"<p>Esmalte para el repintado total o parcial de autom\u00f3viles, de secado r\u00e1pido otorga alto brillo, profundidad, durabilidad y retenci\u00f3n de color.<br \/>\nProporciona una gran resistencia a la intemperie.<\/p>\n<p><a href=\"http:\/\/pinturasmirador.com\/wp-content\/uploads\/2023\/12\/AG-RAICING-ESMALTE-ACRILICO-HOJA-DATOS-DE-SEGURIDAD.pdf\">VER HOJA DATOS DE SEGURIDAD<\/a><\/p>\n<p><a href=\"http:\/\/pinturasmirador.com\/wp-content\/uploads\/2023\/12\/AG-RAICING-ESMALTE-ACRILICO-HOJA-TECNICA.pdf\">VER HOJA TECNICA<\/a><\/p>\n","protected":false},"featured_media":3254,"comment_status":"open","ping_status":"closed","template":"","meta":{"_joinchat":[]},"product_cat":[114],"product_tag":[],"acf":[],"_links":{"self":[{"href":"https:\/\/pinturasmirador.com\/index.php\/wp-json\/wp\/v2\/product\/3291"}],"collection":[{"href":"https:\/\/pinturasmirador.com\/index.php\/wp-json\/wp\/v2\/product"}],"about":[{"href":"https:\/\/pinturasmirador.com\/index.php\/wp-json\/wp\/v2\/types\/product"}],"replies":[{"embeddable":true,"href":"https:\/\/pinturasmirador.com\/index.php\/wp-json\/wp\/v2\/comments?post=3291"}],"wp:featuredmedia":[{"embeddable":true,"href":"https:\/\/pinturasmirador.com\/index.php\/wp-json\/wp\/v2\/media\/3254"}],"wp:attachment":[{"href":"https:\/\/pinturasmirador.com\/index.php\/wp-json\/wp\/v2\/media?parent=3291"}],"wp:term":[{"taxonomy":"product_cat","embeddable":true,"href":"https:\/\/pinturasmirador.com\/index.php\/wp-json\/wp\/v2\/product_cat?post=3291"},{"taxonomy":"product_tag","embeddable":true,"href":"https:\/\/pinturasmirador.com\/index.php\/wp-json\/wp\/v2\/product_tag?post=3291"}],"curies":[{"name":"wp","href":"https:\/\/api.w.org\/{rel}","templated":true}]}}