{"id":3296,"date":"2023-12-18T01:42:01","date_gmt":"2023-12-18T01:42:01","guid":{"rendered":"https:\/\/pinturasmirador.com\/?post_type=product&#038;p=3296"},"modified":"2023-12-18T01:42:01","modified_gmt":"2023-12-18T01:42:01","slug":"transparente-lpa-ap","status":"publish","type":"product","link":"https:\/\/pinturasmirador.com\/index.php\/product\/transparente-lpa-ap\/","title":{"rendered":"Transparente LPA-AP"},"content":{"rendered":"","protected":false},"excerpt":{"rendered":"<p>El transparente lpa-ap (listo para aplicar-alta productividad) 2156 es un transparente acr\u00edlico-poliuretano de muy alta calidad, formulado para ser aplicado una vez catalizado sobre esmalte acr\u00edlico l\u00ednea 21 (catalizado), laca acr\u00edlica 23 y base color 24, para formar sistemas dicapa y tricapa de repintado. Proporciona un secado r\u00e1pido, alto brillo y nivelaci\u00f3n, muy buena durabilidad y resistencia a la intemperie.<br \/>\nSe recomienda para repintados totales o de secciones de veh\u00edculos automotrices.<\/p>\n<p><a href=\"http:\/\/pinturasmirador.com\/wp-content\/uploads\/2023\/12\/FICHA-TECNICA-2156-COLORCRIL-Trasparente-LPA-AP.pdf\">VER FICHA T\u00c9CNICA<\/a><\/p>\n<p><a href=\"http:\/\/pinturasmirador.com\/wp-content\/uploads\/2023\/12\/HOJA-DE-SEGURIDAD-ESMALTE-TRANSPARENTE-LPA-AP-2156.pdf\">VER HOJA DE SEGURIDAD<\/a><\/p>\n","protected":false},"featured_media":3255,"comment_status":"open","ping_status":"closed","template":"","meta":{"_joinchat":[]},"product_cat":[114],"product_tag":[],"acf":[],"_links":{"self":[{"href":"https:\/\/pinturasmirador.com\/index.php\/wp-json\/wp\/v2\/product\/3296"}],"collection":[{"href":"https:\/\/pinturasmirador.com\/index.php\/wp-json\/wp\/v2\/product"}],"about":[{"href":"https:\/\/pinturasmirador.com\/index.php\/wp-json\/wp\/v2\/types\/product"}],"replies":[{"embeddable":true,"href":"https:\/\/pinturasmirador.com\/index.php\/wp-json\/wp\/v2\/comments?post=3296"}],"wp:featuredmedia":[{"embeddable":true,"href":"https:\/\/pinturasmirador.com\/index.php\/wp-json\/wp\/v2\/media\/3255"}],"wp:attachment":[{"href":"https:\/\/pinturasmirador.com\/index.php\/wp-json\/wp\/v2\/media?parent=3296"}],"wp:term":[{"taxonomy":"product_cat","embeddable":true,"href":"https:\/\/pinturasmirador.com\/index.php\/wp-json\/wp\/v2\/product_cat?post=3296"},{"taxonomy":"product_tag","embeddable":true,"href":"https:\/\/pinturasmirador.com\/index.php\/wp-json\/wp\/v2\/product_tag?post=3296"}],"curies":[{"name":"wp","href":"https:\/\/api.w.org\/{rel}","templated":true}]}}