{"id":3299,"date":"2023-12-18T01:49:26","date_gmt":"2023-12-18T01:49:26","guid":{"rendered":"https:\/\/pinturasmirador.com\/?post_type=product&#038;p=3299"},"modified":"2023-12-18T01:49:51","modified_gmt":"2023-12-18T01:49:51","slug":"3299","status":"publish","type":"product","link":"https:\/\/pinturasmirador.com\/index.php\/product\/3299\/","title":{"rendered":"IPESA BASE COLOR"},"content":{"rendered":"","protected":false},"excerpt":{"rendered":"<p>La Base Color Color Cril es un producto especialmente dise\u00f1ado para sistemas Dicapa en el repintado automotriz. Tiene excelentes propiedades como son: excelente apariencia, rapidez en el tiempo de secado, alto Brillo, retenci\u00f3n de color, buena durabilidad, flexibilidad y adherencia sobre Primarios. Puede utilizarse para los repintados generales y resanes r\u00e1pidos.<br \/>\nLa Base Color Cril es un producto fabricado con Resinas Acr\u00edlicas y Celul\u00f3sicas, Hidrocarburos arom\u00e1ticos, y Oxigenados, pigmentos org\u00e1nicos e inorg\u00e1nicos, as\u00ed como aditivos absorbentes de rayos ultravioletas.<br \/>\nLa l\u00ednea tiene una gama de 30 Colores s\u00f3lidos y 8 Aluminios, se puede mezclar con las 13 Perlas Universales y Flotador de Aluminios para igualar colores de acabado original.<br \/>\nLos \u00fanicos colores de esta l\u00ednea que contienen plomo son: 2107 Rojo Flama, 2111 Rojo Claro, 2115 Amarillo Lim\u00f3n, 2116 Amarillo Cromo Mediano y 2119 Naranja Molibdato.<\/p>\n<p><a href=\"http:\/\/pinturasmirador.com\/wp-content\/uploads\/2023\/12\/IPESA-FICHA-TECNICA-2400-COLORCRIL-Base-Color.pdf\">VER FICHA T\u00c9CNICA<\/a><\/p>\n<p><a href=\"http:\/\/pinturasmirador.com\/wp-content\/uploads\/2023\/12\/IPESA_BASE-COLOR-HOJA-DE-SEGURIDAD.pdf\">VER HOJA DE SEGURIDAD<\/a><\/p>\n<p><a href=\"http:\/\/pinturasmirador.com\/wp-content\/uploads\/2023\/12\/IPESA_MUESTRARIO_COLOR-BASE-COLOR.pdf\">VER MUESTRARIO COLOR<\/a><\/p>\n","protected":false},"featured_media":3256,"comment_status":"open","ping_status":"closed","template":"","meta":{"_joinchat":[]},"product_cat":[114],"product_tag":[],"acf":[],"_links":{"self":[{"href":"https:\/\/pinturasmirador.com\/index.php\/wp-json\/wp\/v2\/product\/3299"}],"collection":[{"href":"https:\/\/pinturasmirador.com\/index.php\/wp-json\/wp\/v2\/product"}],"about":[{"href":"https:\/\/pinturasmirador.com\/index.php\/wp-json\/wp\/v2\/types\/product"}],"replies":[{"embeddable":true,"href":"https:\/\/pinturasmirador.com\/index.php\/wp-json\/wp\/v2\/comments?post=3299"}],"wp:featuredmedia":[{"embeddable":true,"href":"https:\/\/pinturasmirador.com\/index.php\/wp-json\/wp\/v2\/media\/3256"}],"wp:attachment":[{"href":"https:\/\/pinturasmirador.com\/index.php\/wp-json\/wp\/v2\/media?parent=3299"}],"wp:term":[{"taxonomy":"product_cat","embeddable":true,"href":"https:\/\/pinturasmirador.com\/index.php\/wp-json\/wp\/v2\/product_cat?post=3299"},{"taxonomy":"product_tag","embeddable":true,"href":"https:\/\/pinturasmirador.com\/index.php\/wp-json\/wp\/v2\/product_tag?post=3299"}],"curies":[{"name":"wp","href":"https:\/\/api.w.org\/{rel}","templated":true}]}}