{"id":3303,"date":"2023-12-18T01:53:11","date_gmt":"2023-12-18T01:53:11","guid":{"rendered":"https:\/\/pinturasmirador.com\/?post_type=product&#038;p=3303"},"modified":"2023-12-18T01:53:11","modified_gmt":"2023-12-18T01:53:11","slug":"hd-transparente-poliuretano-de-alta-dilucion-ipesa","status":"publish","type":"product","link":"https:\/\/pinturasmirador.com\/index.php\/product\/hd-transparente-poliuretano-de-alta-dilucion-ipesa\/","title":{"rendered":"HD TRANSPARENTE POLIURETANO DE ALTA DILUCI\u00d3N IPESA"},"content":{"rendered":"","protected":false},"excerpt":{"rendered":"<p>Es un transparente de poliuretano de alta diluci\u00f3n, Recomendado para aplicarse sobre Esmaltes catalizados, Laca Acr\u00edlica y Base Color, proporciona buena nivelaci\u00f3n, brillo y distinci\u00f3n de imagen. Dise\u00f1ado para todo tipo de reparaciones Automotrices. Posee un gran rendimiento de producto.<\/p>\n","protected":false},"featured_media":3257,"comment_status":"open","ping_status":"closed","template":"","meta":{"_joinchat":[]},"product_cat":[114],"product_tag":[],"acf":[],"_links":{"self":[{"href":"https:\/\/pinturasmirador.com\/index.php\/wp-json\/wp\/v2\/product\/3303"}],"collection":[{"href":"https:\/\/pinturasmirador.com\/index.php\/wp-json\/wp\/v2\/product"}],"about":[{"href":"https:\/\/pinturasmirador.com\/index.php\/wp-json\/wp\/v2\/types\/product"}],"replies":[{"embeddable":true,"href":"https:\/\/pinturasmirador.com\/index.php\/wp-json\/wp\/v2\/comments?post=3303"}],"wp:featuredmedia":[{"embeddable":true,"href":"https:\/\/pinturasmirador.com\/index.php\/wp-json\/wp\/v2\/media\/3257"}],"wp:attachment":[{"href":"https:\/\/pinturasmirador.com\/index.php\/wp-json\/wp\/v2\/media?parent=3303"}],"wp:term":[{"taxonomy":"product_cat","embeddable":true,"href":"https:\/\/pinturasmirador.com\/index.php\/wp-json\/wp\/v2\/product_cat?post=3303"},{"taxonomy":"product_tag","embeddable":true,"href":"https:\/\/pinturasmirador.com\/index.php\/wp-json\/wp\/v2\/product_tag?post=3303"}],"curies":[{"name":"wp","href":"https:\/\/api.w.org\/{rel}","templated":true}]}}