{"id":3304,"date":"2023-12-18T02:09:02","date_gmt":"2023-12-18T02:09:02","guid":{"rendered":"https:\/\/pinturasmirador.com\/?post_type=product&#038;p=3304"},"modified":"2023-12-18T02:09:02","modified_gmt":"2023-12-18T02:09:02","slug":"nova-color-base-color-automotivo","status":"publish","type":"product","link":"https:\/\/pinturasmirador.com\/index.php\/product\/nova-color-base-color-automotivo\/","title":{"rendered":"NOVA-COLOR BASE COLOR AUTOMOTIVO"},"content":{"rendered":"","protected":false},"excerpt":{"rendered":"<p>Su gama de tintes permite la igualaci\u00f3n de tonos automotrices actuales. Contiene una muy buena pigmentaci\u00f3n para r\u00e1pido cubrimiento, buena nivelaci\u00f3n y secado r\u00e1pido.<\/p>\n","protected":false},"featured_media":3258,"comment_status":"open","ping_status":"closed","template":"","meta":{"_joinchat":[]},"product_cat":[114],"product_tag":[],"acf":[],"_links":{"self":[{"href":"https:\/\/pinturasmirador.com\/index.php\/wp-json\/wp\/v2\/product\/3304"}],"collection":[{"href":"https:\/\/pinturasmirador.com\/index.php\/wp-json\/wp\/v2\/product"}],"about":[{"href":"https:\/\/pinturasmirador.com\/index.php\/wp-json\/wp\/v2\/types\/product"}],"replies":[{"embeddable":true,"href":"https:\/\/pinturasmirador.com\/index.php\/wp-json\/wp\/v2\/comments?post=3304"}],"wp:featuredmedia":[{"embeddable":true,"href":"https:\/\/pinturasmirador.com\/index.php\/wp-json\/wp\/v2\/media\/3258"}],"wp:attachment":[{"href":"https:\/\/pinturasmirador.com\/index.php\/wp-json\/wp\/v2\/media?parent=3304"}],"wp:term":[{"taxonomy":"product_cat","embeddable":true,"href":"https:\/\/pinturasmirador.com\/index.php\/wp-json\/wp\/v2\/product_cat?post=3304"},{"taxonomy":"product_tag","embeddable":true,"href":"https:\/\/pinturasmirador.com\/index.php\/wp-json\/wp\/v2\/product_tag?post=3304"}],"curies":[{"name":"wp","href":"https:\/\/api.w.org\/{rel}","templated":true}]}}