{"id":3307,"date":"2023-12-18T02:26:36","date_gmt":"2023-12-18T02:26:36","guid":{"rendered":"https:\/\/pinturasmirador.com\/?post_type=product&#038;p=3307"},"modified":"2023-12-18T02:26:36","modified_gmt":"2023-12-18T02:26:36","slug":"primario-automotivo-rn-770-ag-racing","status":"publish","type":"product","link":"https:\/\/pinturasmirador.com\/index.php\/product\/primario-automotivo-rn-770-ag-racing\/","title":{"rendered":"PRIMARIO AUTOMOTIVO RN-770 AG RACING"},"content":{"rendered":"","protected":false},"excerpt":{"rendered":"<p>Proporciona una excelente adherencia entre la superficie a recubrir y el acabado final. otorgan una excelente protecci\u00f3n contra la corrosi\u00f3n; brindan una buena nivelaci\u00f3n gracias a su capacidad de relleno<\/p>\n","protected":false},"featured_media":3261,"comment_status":"open","ping_status":"closed","template":"","meta":{"_joinchat":[]},"product_cat":[114],"product_tag":[],"acf":[],"_links":{"self":[{"href":"https:\/\/pinturasmirador.com\/index.php\/wp-json\/wp\/v2\/product\/3307"}],"collection":[{"href":"https:\/\/pinturasmirador.com\/index.php\/wp-json\/wp\/v2\/product"}],"about":[{"href":"https:\/\/pinturasmirador.com\/index.php\/wp-json\/wp\/v2\/types\/product"}],"replies":[{"embeddable":true,"href":"https:\/\/pinturasmirador.com\/index.php\/wp-json\/wp\/v2\/comments?post=3307"}],"wp:featuredmedia":[{"embeddable":true,"href":"https:\/\/pinturasmirador.com\/index.php\/wp-json\/wp\/v2\/media\/3261"}],"wp:attachment":[{"href":"https:\/\/pinturasmirador.com\/index.php\/wp-json\/wp\/v2\/media?parent=3307"}],"wp:term":[{"taxonomy":"product_cat","embeddable":true,"href":"https:\/\/pinturasmirador.com\/index.php\/wp-json\/wp\/v2\/product_cat?post=3307"},{"taxonomy":"product_tag","embeddable":true,"href":"https:\/\/pinturasmirador.com\/index.php\/wp-json\/wp\/v2\/product_tag?post=3307"}],"curies":[{"name":"wp","href":"https:\/\/api.w.org\/{rel}","templated":true}]}}